{"id":7050,"date":"2023-09-12T10:09:18","date_gmt":"2023-09-12T08:09:18","guid":{"rendered":"https:\/\/hackinghealth.camp\/?page_id=7050"},"modified":"2023-09-12T10:14:06","modified_gmt":"2023-09-12T08:14:06","slug":"mentions-legales","status":"publish","type":"page","link":"https:\/\/hackinghealth.camp\/en\/mentions-legales\/","title":{"rendered":"Mentions L\u00e9gales"},"content":{"rendered":"<div data-elementor-type=\"wp-page\" data-elementor-id=\"7050\" class=\"elementor elementor-7050\" data-elementor-post-type=\"page\">\n\t\t\t\t\t\t\t\t\t<section class=\"elementor-section elementor-top-section elementor-element elementor-element-5d9338f elementor-section-boxed elementor-section-height-default elementor-section-height-default\" data-id=\"5d9338f\" data-element_type=\"section\">\n\t\t\t\t\t\t<div class=\"elementor-container elementor-column-gap-default\">\n\t\t\t\t\t<div class=\"elementor-column elementor-col-100 elementor-top-column elementor-element elementor-element-2f303be\" data-id=\"2f303be\" data-element_type=\"column\">\n\t\t\t<div class=\"elementor-widget-wrap elementor-element-populated\">\n\t\t\t\t\t\t\t\t<div class=\"elementor-element elementor-element-c65767f elementor-widget elementor-widget-text-editor\" data-id=\"c65767f\" data-element_type=\"widget\" data-widget_type=\"text-editor.default\">\n\t\t\t\t<div class=\"elementor-widget-container\">\n\t\t\t<style>\/*! elementor - v3.17.0 - 08-11-2023 *\/\n.elementor-widget-text-editor.elementor-drop-cap-view-stacked .elementor-drop-cap{background-color:#69727d;color:#fff}.elementor-widget-text-editor.elementor-drop-cap-view-framed .elementor-drop-cap{color:#69727d;border:3px solid;background-color:transparent}.elementor-widget-text-editor:not(.elementor-drop-cap-view-default) .elementor-drop-cap{margin-top:8px}.elementor-widget-text-editor:not(.elementor-drop-cap-view-default) .elementor-drop-cap-letter{width:1em;height:1em}.elementor-widget-text-editor .elementor-drop-cap{float:left;text-align:center;line-height:1;font-size:50px}.elementor-widget-text-editor .elementor-drop-cap-letter{display:inline-block}<\/style>\t\t\t\t<p data-sourcepos=\"3:1-3:20\"><strong>Mentions l\u00e9gales<\/strong><\/p>\n<p data-sourcepos=\"5:1-5:19\"><strong>\u00c9diteur du site<\/strong><\/p>\n<p data-sourcepos=\"7:1-7:169\">Le site https:\/\/hackinghealth.camp&nbsp;est \u00e9dit\u00e9 par la soci\u00e9t\u00e9 IT\u202fAWARE, SARL au capital de 10 000\u20ac, immatricul\u00e9e 808\u202f343 750 au RCS de Strasbourg. Son si\u00e8ge social est situ\u00e9 au 5 rue d&rsquo;ingwiller, 67000 Strasbourg.<\/p>\n<p data-sourcepos=\"7:1-7:169\">IT\u202fAWARE\u202fest propri\u00e9taire de la marque Health Factory et de Hacking Health Camp.<\/p>\n<p data-sourcepos=\"7:1-7:169\">IT\u202fAWARE\u202fa un mandat d&rsquo;exploitation de la marque Hacking Health aupr\u00e8s de la fondation Hacking Health domicili\u00e9e&nbsp;A-1514 AVE Docteur-Penfield, Montreal, Quebec, H3G 1B9 au Canada.<\/p>\n<p data-sourcepos=\"9:1-9:31\"><strong>Directeur de la publication<\/strong><\/p>\n<p data-sourcepos=\"11:1-11:17\">S\u00e9bastien Let\u00e9li\u00e9<\/p>\n<p data-sourcepos=\"13:1-13:21\"><strong>H\u00e9bergeur du site<\/strong><\/p>\n<p data-sourcepos=\"15:1-15:194\">Le site https:\/\/hackinghealth.camp est h\u00e9berg\u00e9 par la soci\u00e9t\u00e9 GANDI SAS, soci\u00e9t\u00e9 par actions simplifi\u00e9e au capital de 30 000 \u20ac ayant son si\u00e8ge social 63-65 boulevard Massena 75013 Paris, France.<\/p>\n<p data-sourcepos=\"17:1-17:24\"><strong>Donn\u00e9es personnelles<\/strong><\/p>\n<p data-sourcepos=\"19:1-19:163\">Les donn\u00e9es personnelles collect\u00e9es sur le site https:\/\/hackinghealth.camp sont trait\u00e9es conform\u00e9ment \u00e0 la loi Informatique et Libert\u00e9s du 6 janvier 1978 modifi\u00e9e.<\/p>\n<p data-sourcepos=\"21:1-21:222\">L&rsquo;utilisateur est inform\u00e9 que, lors de sa navigation sur le site, des cookies peuvent \u00eatre d\u00e9pos\u00e9s sur son terminal. Ces cookies sont utilis\u00e9s pour r\u00e9aliser des statistiques de visites et pour am\u00e9liorer la qualit\u00e9 du site.<\/p>\n<p data-sourcepos=\"23:1-23:89\">L&rsquo;utilisateur peut s&rsquo;opposer \u00e0 l&rsquo;enregistrement de cookies en configurant son navigateur.<\/p>\n<p data-sourcepos=\"25:1-25:28\"><strong>Propri\u00e9t\u00e9 intellectuelle<\/strong><\/p>\n<p data-sourcepos=\"27:1-27:225\">L&rsquo;ensemble des contenus du site https:\/\/hackinghealth.camp est prot\u00e9g\u00e9 par le droit d&rsquo;auteur. Toute reproduction ou repr\u00e9sentation, int\u00e9grale ou partielle, sans l&rsquo;autorisation de l&rsquo;auteur ou de ses ayants droit est interdite.<\/p>\n<p data-sourcepos=\"29:1-29:21\"><strong>Liens hypertextes<\/strong><\/p>\n<p data-sourcepos=\"31:1-31:220\">Le site https:\/\/hackinghealth.camp peut contenir des liens hypertextes renvoyant vers d&rsquo;autres sites. L&rsquo;\u00e9diteur n&rsquo;a pas la ma\u00eetrise de ces sites et ne peut, en aucune fa\u00e7on, \u00eatre tenu responsable du contenu de ces sites.<\/p>\n<p data-sourcepos=\"33:1-33:20\"><strong>Droit applicable<\/strong><\/p>\n<p data-sourcepos=\"35:1-35:65\">Les pr\u00e9sentes mentions l\u00e9gales sont r\u00e9gies par le droit fran\u00e7ais.<\/p>\n<p data-sourcepos=\"37:1-37:32\"><strong>Date de derni\u00e8re mise \u00e0 jour<\/strong><\/p>\n<p data-sourcepos=\"39:1-39:73\">Les pr\u00e9sentes mentions l\u00e9gales ont \u00e9t\u00e9 mises \u00e0 jour le 12 septembre 2023.<\/p>\t\t\t\t\t\t<\/div>\n\t\t\t\t<\/div>\n\t\t\t\t\t<\/div>\n\t\t<\/div>\n\t\t\t\t\t\t\t<\/div>\n\t\t<\/section>\n\t\t\t\t\t\t\t<\/div>","protected":false},"excerpt":{"rendered":"<p>Mentions l\u00e9gales \u00c9diteur du site Le site https:\/\/hackinghealth.camp&nbsp;est \u00e9dit\u00e9 par la soci\u00e9t\u00e9 IT\u202fAWARE, SARL au capital de 10 000\u20ac, immatricul\u00e9e 808\u202f343 750 au RCS de Strasbourg. Son si\u00e8ge social est situ\u00e9 au 5 rue d&rsquo;ingwiller, 67000 Strasbourg. IT\u202fAWARE\u202fest propri\u00e9taire de la marque Health Factory et de Hacking Health Camp. IT\u202fAWARE\u202fa un mandat d&rsquo;exploitation de la [&hellip;]<\/p>","protected":false},"author":1,"featured_media":0,"parent":0,"menu_order":0,"comment_status":"closed","ping_status":"closed","template":"","meta":{"inline_featured_image":false,"footnotes":""},"class_list":["post-7050","page","type-page","status-publish","hentry"],"_links":{"self":[{"href":"https:\/\/hackinghealth.camp\/en\/wp-json\/wp\/v2\/pages\/7050","targetHints":{"allow":["GET"]}}],"collection":[{"href":"https:\/\/hackinghealth.camp\/en\/wp-json\/wp\/v2\/pages"}],"about":[{"href":"https:\/\/hackinghealth.camp\/en\/wp-json\/wp\/v2\/types\/page"}],"author":[{"embeddable":true,"href":"https:\/\/hackinghealth.camp\/en\/wp-json\/wp\/v2\/users\/1"}],"replies":[{"embeddable":true,"href":"https:\/\/hackinghealth.camp\/en\/wp-json\/wp\/v2\/comments?post=7050"}],"version-history":[{"count":4,"href":"https:\/\/hackinghealth.camp\/en\/wp-json\/wp\/v2\/pages\/7050\/revisions"}],"predecessor-version":[{"id":7055,"href":"https:\/\/hackinghealth.camp\/en\/wp-json\/wp\/v2\/pages\/7050\/revisions\/7055"}],"wp:attachment":[{"href":"https:\/\/hackinghealth.camp\/en\/wp-json\/wp\/v2\/media?parent=7050"}],"curies":[{"name":"wp","href":"https:\/\/api.w.org\/{rel}","templated":true}]}}