{"id":5386,"date":"2022-10-02T16:07:47","date_gmt":"2022-10-02T14:07:47","guid":{"rendered":"https:\/\/hackinghealth.camp\/?page_id=5386"},"modified":"2022-10-15T16:31:17","modified_gmt":"2022-10-15T14:31:17","slug":"community","status":"publish","type":"page","link":"https:\/\/hackinghealth.camp\/en\/community\/","title":{"rendered":"Community"},"content":{"rendered":"<div data-elementor-type=\"wp-page\" data-elementor-id=\"5386\" class=\"elementor elementor-5386\" data-elementor-post-type=\"page\">\n\t\t\t\t\t\t\t\t\t<section class=\"elementor-section elementor-top-section elementor-element elementor-element-d9ea667 elementor-section-boxed elementor-section-height-default elementor-section-height-default\" data-id=\"d9ea667\" data-element_type=\"section\">\n\t\t\t\t\t\t<div class=\"elementor-container elementor-column-gap-default\">\n\t\t\t\t\t<div class=\"elementor-column elementor-col-100 elementor-top-column elementor-element elementor-element-25bc646\" data-id=\"25bc646\" data-element_type=\"column\">\n\t\t\t<div class=\"elementor-widget-wrap elementor-element-populated\">\n\t\t\t\t\t\t\t\t<div class=\"elementor-element elementor-element-7aa8a4e elementor-widget elementor-widget-heading\" data-id=\"7aa8a4e\" data-element_type=\"widget\" data-widget_type=\"heading.default\">\n\t\t\t\t<div class=\"elementor-widget-container\">\n\t\t\t<style>\/*! elementor - v3.17.0 - 08-11-2023 *\/\n.elementor-heading-title{padding:0;margin:0;line-height:1}.elementor-widget-heading .elementor-heading-title[class*=elementor-size-]>a{color:inherit;font-size:inherit;line-height:inherit}.elementor-widget-heading .elementor-heading-title.elementor-size-small{font-size:15px}.elementor-widget-heading .elementor-heading-title.elementor-size-medium{font-size:19px}.elementor-widget-heading .elementor-heading-title.elementor-size-large{font-size:29px}.elementor-widget-heading .elementor-heading-title.elementor-size-xl{font-size:39px}.elementor-widget-heading .elementor-heading-title.elementor-size-xxl{font-size:59px}<\/style><h1 class=\"elementor-heading-title elementor-size-default\">JOIN THE COMMUNITY<\/h1>\t\t<\/div>\n\t\t\t\t<\/div>\n\t\t\t\t<div class=\"elementor-element elementor-element-1515ef5 elementor-widget elementor-widget-text-editor\" data-id=\"1515ef5\" data-element_type=\"widget\" data-widget_type=\"text-editor.default\">\n\t\t\t\t<div class=\"elementor-widget-container\">\n\t\t\t<style>\/*! elementor - v3.17.0 - 08-11-2023 *\/\n.elementor-widget-text-editor.elementor-drop-cap-view-stacked .elementor-drop-cap{background-color:#69727d;color:#fff}.elementor-widget-text-editor.elementor-drop-cap-view-framed .elementor-drop-cap{color:#69727d;border:3px solid;background-color:transparent}.elementor-widget-text-editor:not(.elementor-drop-cap-view-default) .elementor-drop-cap{margin-top:8px}.elementor-widget-text-editor:not(.elementor-drop-cap-view-default) .elementor-drop-cap-letter{width:1em;height:1em}.elementor-widget-text-editor .elementor-drop-cap{float:left;text-align:center;line-height:1;font-size:50px}.elementor-widget-text-editor .elementor-drop-cap-letter{display:inline-block}<\/style>\t\t\t\t<p>You can join Hacking Health Camp community right now on Discord. As soon as a project is added on the challenge board a channel is created and you can chat with project leaders and others participants.\u00a0<\/p>\t\t\t\t\t\t<\/div>\n\t\t\t\t<\/div>\n\t\t\t\t<div class=\"elementor-element elementor-element-2a3f0da elementor-widget elementor-widget-html\" data-id=\"2a3f0da\" data-element_type=\"widget\" data-widget_type=\"html.default\">\n\t\t\t\t<div class=\"elementor-widget-container\">\n\t\t\t<widgetbot\n  server=\"928205773090213928\"\n  channel=\"1026157450006630632\"\n  width=\"100%\"\n  height=\"600\"\n><\/widgetbot>\n<script src=\"https:\/\/cdn.jsdelivr.net\/npm\/@widgetbot\/html-embed\"><\/script>\t\t<\/div>\n\t\t\t\t<\/div>\n\t\t\t\t\t<\/div>\n\t\t<\/div>\n\t\t\t\t\t\t\t<\/div>\n\t\t<\/section>\n\t\t\t\t\t\t\t<\/div>","protected":false},"excerpt":{"rendered":"<p>REJOIGNEZ LA COMMUNAUT\u00c9 Vous pouvez d\u00e8s maintenant discuter avec la communaut\u00e9 Hacking Health Camp sur Discord. D\u00e8s qu&rsquo;un projet est ajout\u00e9 sur le tableau des d\u00e9fis un canal de communication d\u00e9di\u00e9 est cr\u00e9\u00e9 et vous pouvez \u00e9changer avec le porteur de projet et les autres participants.\u00a0<\/p>","protected":false},"author":1,"featured_media":0,"parent":0,"menu_order":0,"comment_status":"closed","ping_status":"closed","template":"elementor_header_footer","meta":{"inline_featured_image":false,"footnotes":""},"class_list":["post-5386","page","type-page","status-publish","hentry"],"_links":{"self":[{"href":"https:\/\/hackinghealth.camp\/en\/wp-json\/wp\/v2\/pages\/5386","targetHints":{"allow":["GET"]}}],"collection":[{"href":"https:\/\/hackinghealth.camp\/en\/wp-json\/wp\/v2\/pages"}],"about":[{"href":"https:\/\/hackinghealth.camp\/en\/wp-json\/wp\/v2\/types\/page"}],"author":[{"embeddable":true,"href":"https:\/\/hackinghealth.camp\/en\/wp-json\/wp\/v2\/users\/1"}],"replies":[{"embeddable":true,"href":"https:\/\/hackinghealth.camp\/en\/wp-json\/wp\/v2\/comments?post=5386"}],"version-history":[{"count":17,"href":"https:\/\/hackinghealth.camp\/en\/wp-json\/wp\/v2\/pages\/5386\/revisions"}],"predecessor-version":[{"id":5707,"href":"https:\/\/hackinghealth.camp\/en\/wp-json\/wp\/v2\/pages\/5386\/revisions\/5707"}],"wp:attachment":[{"href":"https:\/\/hackinghealth.camp\/en\/wp-json\/wp\/v2\/media?parent=5386"}],"curies":[{"name":"wp","href":"https:\/\/api.w.org\/{rel}","templated":true}]}}