{"id":5324,"date":"2022-09-27T17:18:56","date_gmt":"2022-09-27T15:18:56","guid":{"rendered":"https:\/\/hackinghealth.camp\/?page_id=5324"},"modified":"2024-12-12T12:19:11","modified_gmt":"2024-12-12T11:19:11","slug":"partenaires","status":"publish","type":"page","link":"https:\/\/hackinghealth.camp\/en\/partenaires\/","title":{"rendered":"Partenaires"},"content":{"rendered":"<div data-elementor-type=\"wp-page\" data-elementor-id=\"5324\" class=\"elementor elementor-5324\" data-elementor-post-type=\"page\">\n\t\t\t\t\t\t\t\t\t<section class=\"elementor-section elementor-top-section elementor-element elementor-element-fc97dd8 elementor-section-full_width elementor-section-height-default elementor-section-height-default\" data-id=\"fc97dd8\" data-element_type=\"section\" data-settings=\"{&quot;background_background&quot;:&quot;classic&quot;}\">\n\t\t\t\t\t\t<div class=\"elementor-container elementor-column-gap-default\">\n\t\t\t\t\t<div class=\"elementor-column elementor-col-25 elementor-top-column elementor-element elementor-element-70cb182\" data-id=\"70cb182\" data-element_type=\"column\">\n\t\t\t<div class=\"elementor-widget-wrap\">\n\t\t\t\t\t\t\t\t\t<\/div>\n\t\t<\/div>\n\t\t\t\t<div class=\"elementor-column elementor-col-25 elementor-top-column elementor-element elementor-element-4bce7b8\" data-id=\"4bce7b8\" data-element_type=\"column\">\n\t\t\t<div class=\"elementor-widget-wrap elementor-element-populated\">\n\t\t\t\t\t\t\t\t<div class=\"elementor-element elementor-element-f2b1719 elementor-widget elementor-widget-image\" data-id=\"f2b1719\" data-element_type=\"widget\" data-widget_type=\"image.default\">\n\t\t\t\t<div class=\"elementor-widget-container\">\n\t\t\t<style>\/*! elementor - v3.17.0 - 08-11-2023 *\/\n.elementor-widget-image{text-align:center}.elementor-widget-image a{display:inline-block}.elementor-widget-image a img[src$=\".svg\"]{width:48px}.elementor-widget-image img{vertical-align:middle;display:inline-block}<\/style>\t\t\t\t\t\t\t\t\t\t\t\t<img loading=\"lazy\" decoding=\"async\" width=\"600\" height=\"900\" src=\"https:\/\/hackinghealth.camp\/wp-content\/uploads\/2022\/09\/partenaires.jpg\" class=\"attachment-full size-full wp-image-5330\" alt=\"partenaires\" srcset=\"https:\/\/hackinghealth.camp\/wp-content\/uploads\/2022\/09\/partenaires.jpg 600w, https:\/\/hackinghealth.camp\/wp-content\/uploads\/2022\/09\/partenaires-200x300.jpg 200w, https:\/\/hackinghealth.camp\/wp-content\/uploads\/2022\/09\/partenaires-8x12.jpg 8w\" sizes=\"auto, (max-width: 600px) 100vw, 600px\" \/>\t\t\t\t\t\t\t\t\t\t\t\t\t\t\t<\/div>\n\t\t\t\t<\/div>\n\t\t\t\t\t<\/div>\n\t\t<\/div>\n\t\t\t\t<div class=\"elementor-column elementor-col-25 elementor-top-column elementor-element elementor-element-db5828c\" data-id=\"db5828c\" data-element_type=\"column\">\n\t\t\t<div class=\"elementor-widget-wrap elementor-element-populated\">\n\t\t\t\t\t\t\t\t<div class=\"elementor-element elementor-element-3d68dc2 elementor-widget elementor-widget-heading\" data-id=\"3d68dc2\" data-element_type=\"widget\" data-widget_type=\"heading.default\">\n\t\t\t\t<div class=\"elementor-widget-container\">\n\t\t\t<style>\/*! elementor - v3.17.0 - 08-11-2023 *\/\n.elementor-heading-title{padding:0;margin:0;line-height:1}.elementor-widget-heading .elementor-heading-title[class*=elementor-size-]>a{color:inherit;font-size:inherit;line-height:inherit}.elementor-widget-heading .elementor-heading-title.elementor-size-small{font-size:15px}.elementor-widget-heading .elementor-heading-title.elementor-size-medium{font-size:19px}.elementor-widget-heading .elementor-heading-title.elementor-size-large{font-size:29px}.elementor-widget-heading .elementor-heading-title.elementor-size-xl{font-size:39px}.elementor-widget-heading .elementor-heading-title.elementor-size-xxl{font-size:59px}<\/style><h2 class=\"elementor-heading-title elementor-size-default\">Become partner<\/h2>\t\t<\/div>\n\t\t\t\t<\/div>\n\t\t\t\t<div class=\"elementor-element elementor-element-60a08d0 elementor-widget elementor-widget-spacer\" data-id=\"60a08d0\" data-element_type=\"widget\" data-widget_type=\"spacer.default\">\n\t\t\t\t<div class=\"elementor-widget-container\">\n\t\t\t<style>\/*! elementor - v3.17.0 - 08-11-2023 *\/\n.elementor-column .elementor-spacer-inner{height:var(--spacer-size)}.e-con{--container-widget-width:100%}.e-con-inner>.elementor-widget-spacer,.e-con>.elementor-widget-spacer{width:var(--container-widget-width,var(--spacer-size));--align-self:var(--container-widget-align-self,initial);--flex-shrink:0}.e-con-inner>.elementor-widget-spacer>.elementor-widget-container,.e-con>.elementor-widget-spacer>.elementor-widget-container{height:100%;width:100%}.e-con-inner>.elementor-widget-spacer>.elementor-widget-container>.elementor-spacer,.e-con>.elementor-widget-spacer>.elementor-widget-container>.elementor-spacer{height:100%}.e-con-inner>.elementor-widget-spacer>.elementor-widget-container>.elementor-spacer>.elementor-spacer-inner,.e-con>.elementor-widget-spacer>.elementor-widget-container>.elementor-spacer>.elementor-spacer-inner{height:var(--container-widget-height,var(--spacer-size))}.e-con-inner>.elementor-widget-spacer.elementor-widget-empty,.e-con>.elementor-widget-spacer.elementor-widget-empty{position:relative;min-height:22px;min-width:22px}.e-con-inner>.elementor-widget-spacer.elementor-widget-empty .elementor-widget-empty-icon,.e-con>.elementor-widget-spacer.elementor-widget-empty .elementor-widget-empty-icon{position:absolute;top:0;bottom:0;left:0;right:0;margin:auto;padding:0;width:22px;height:22px}<\/style>\t\t<div class=\"elementor-spacer\">\n\t\t\t<div class=\"elementor-spacer-inner\"><\/div>\n\t\t<\/div>\n\t\t\t\t<\/div>\n\t\t\t\t<\/div>\n\t\t\t\t<div class=\"elementor-element elementor-element-83850c4 elementor-widget elementor-widget-text-editor\" data-id=\"83850c4\" data-element_type=\"widget\" data-widget_type=\"text-editor.default\">\n\t\t\t\t<div class=\"elementor-widget-container\">\n\t\t\t<style>\/*! elementor - v3.17.0 - 08-11-2023 *\/\n.elementor-widget-text-editor.elementor-drop-cap-view-stacked .elementor-drop-cap{background-color:#69727d;color:#fff}.elementor-widget-text-editor.elementor-drop-cap-view-framed .elementor-drop-cap{color:#69727d;border:3px solid;background-color:transparent}.elementor-widget-text-editor:not(.elementor-drop-cap-view-default) .elementor-drop-cap{margin-top:8px}.elementor-widget-text-editor:not(.elementor-drop-cap-view-default) .elementor-drop-cap-letter{width:1em;height:1em}.elementor-widget-text-editor .elementor-drop-cap{float:left;text-align:center;line-height:1;font-size:50px}.elementor-widget-text-editor .elementor-drop-cap-letter{display:inline-block}<\/style>\t\t\t\t<p class=\" translation-block\">Each year we continue to <b>bring together a benevolent ecosystem of partners around health innovation<\/b>: institutions, manufacturers, funders, incubators, schools, universities, media, etc.<\/p><p>This year again, new health, digital and education players have joined us.<\/p>\t\t\t\t\t\t<\/div>\n\t\t\t\t<\/div>\n\t\t\t\t<section class=\"elementor-section elementor-inner-section elementor-element elementor-element-bc1507f elementor-section-boxed elementor-section-height-default elementor-section-height-default\" data-id=\"bc1507f\" data-element_type=\"section\">\n\t\t\t\t\t\t<div class=\"elementor-container elementor-column-gap-default\">\n\t\t\t\t\t<div class=\"elementor-column elementor-col-50 elementor-inner-column elementor-element elementor-element-19c0584\" data-id=\"19c0584\" data-element_type=\"column\">\n\t\t\t<div class=\"elementor-widget-wrap elementor-element-populated\">\n\t\t\t\t\t\t\t\t<div class=\"elementor-element elementor-element-d94eb4f elementor-widget elementor-widget-heading\" data-id=\"d94eb4f\" data-element_type=\"widget\" data-widget_type=\"heading.default\">\n\t\t\t\t<div class=\"elementor-widget-container\">\n\t\t\t<h2 class=\"elementor-heading-title elementor-size-default\">Follow us:<\/h2>\t\t<\/div>\n\t\t\t\t<\/div>\n\t\t\t\t\t<\/div>\n\t\t<\/div>\n\t\t\t\t<div class=\"elementor-column elementor-col-50 elementor-inner-column elementor-element elementor-element-a5555ec\" data-id=\"a5555ec\" data-element_type=\"column\">\n\t\t\t<div class=\"elementor-widget-wrap elementor-element-populated\">\n\t\t\t\t\t\t\t\t<div class=\"elementor-element elementor-element-8afbd1e e-grid-align-left e-grid-align-mobile-center elementor-shape-rounded elementor-grid-0 elementor-widget elementor-widget-social-icons\" data-id=\"8afbd1e\" data-element_type=\"widget\" data-widget_type=\"social-icons.default\">\n\t\t\t\t<div class=\"elementor-widget-container\">\n\t\t\t<style>\/*! elementor - v3.17.0 - 08-11-2023 *\/\n.elementor-widget-social-icons.elementor-grid-0 .elementor-widget-container,.elementor-widget-social-icons.elementor-grid-mobile-0 .elementor-widget-container,.elementor-widget-social-icons.elementor-grid-tablet-0 .elementor-widget-container{line-height:1;font-size:0}.elementor-widget-social-icons:not(.elementor-grid-0):not(.elementor-grid-tablet-0):not(.elementor-grid-mobile-0) .elementor-grid{display:inline-grid}.elementor-widget-social-icons .elementor-grid{grid-column-gap:var(--grid-column-gap,5px);grid-row-gap:var(--grid-row-gap,5px);grid-template-columns:var(--grid-template-columns);justify-content:var(--justify-content,center);justify-items:var(--justify-content,center)}.elementor-icon.elementor-social-icon{font-size:var(--icon-size,25px);line-height:var(--icon-size,25px);width:calc(var(--icon-size, 25px) + (2 * var(--icon-padding, .5em)));height:calc(var(--icon-size, 25px) + (2 * var(--icon-padding, .5em)))}.elementor-social-icon{--e-social-icon-icon-color:#fff;display:inline-flex;background-color:#69727d;align-items:center;justify-content:center;text-align:center;cursor:pointer}.elementor-social-icon i{color:var(--e-social-icon-icon-color)}.elementor-social-icon svg{fill:var(--e-social-icon-icon-color)}.elementor-social-icon:last-child{margin:0}.elementor-social-icon:hover{opacity:.9;color:#fff}.elementor-social-icon-android{background-color:#a4c639}.elementor-social-icon-apple{background-color:#999}.elementor-social-icon-behance{background-color:#1769ff}.elementor-social-icon-bitbucket{background-color:#205081}.elementor-social-icon-codepen{background-color:#000}.elementor-social-icon-delicious{background-color:#39f}.elementor-social-icon-deviantart{background-color:#05cc47}.elementor-social-icon-digg{background-color:#005be2}.elementor-social-icon-dribbble{background-color:#ea4c89}.elementor-social-icon-elementor{background-color:#d30c5c}.elementor-social-icon-envelope{background-color:#ea4335}.elementor-social-icon-facebook,.elementor-social-icon-facebook-f{background-color:#3b5998}.elementor-social-icon-flickr{background-color:#0063dc}.elementor-social-icon-foursquare{background-color:#2d5be3}.elementor-social-icon-free-code-camp,.elementor-social-icon-freecodecamp{background-color:#006400}.elementor-social-icon-github{background-color:#333}.elementor-social-icon-gitlab{background-color:#e24329}.elementor-social-icon-globe{background-color:#69727d}.elementor-social-icon-google-plus,.elementor-social-icon-google-plus-g{background-color:#dd4b39}.elementor-social-icon-houzz{background-color:#7ac142}.elementor-social-icon-instagram{background-color:#262626}.elementor-social-icon-jsfiddle{background-color:#487aa2}.elementor-social-icon-link{background-color:#818a91}.elementor-social-icon-linkedin,.elementor-social-icon-linkedin-in{background-color:#0077b5}.elementor-social-icon-medium{background-color:#00ab6b}.elementor-social-icon-meetup{background-color:#ec1c40}.elementor-social-icon-mixcloud{background-color:#273a4b}.elementor-social-icon-odnoklassniki{background-color:#f4731c}.elementor-social-icon-pinterest{background-color:#bd081c}.elementor-social-icon-product-hunt{background-color:#da552f}.elementor-social-icon-reddit{background-color:#ff4500}.elementor-social-icon-rss{background-color:#f26522}.elementor-social-icon-shopping-cart{background-color:#4caf50}.elementor-social-icon-skype{background-color:#00aff0}.elementor-social-icon-slideshare{background-color:#0077b5}.elementor-social-icon-snapchat{background-color:#fffc00}.elementor-social-icon-soundcloud{background-color:#f80}.elementor-social-icon-spotify{background-color:#2ebd59}.elementor-social-icon-stack-overflow{background-color:#fe7a15}.elementor-social-icon-steam{background-color:#00adee}.elementor-social-icon-stumbleupon{background-color:#eb4924}.elementor-social-icon-telegram{background-color:#2ca5e0}.elementor-social-icon-thumb-tack{background-color:#1aa1d8}.elementor-social-icon-tripadvisor{background-color:#589442}.elementor-social-icon-tumblr{background-color:#35465c}.elementor-social-icon-twitch{background-color:#6441a5}.elementor-social-icon-twitter{background-color:#1da1f2}.elementor-social-icon-viber{background-color:#665cac}.elementor-social-icon-vimeo{background-color:#1ab7ea}.elementor-social-icon-vk{background-color:#45668e}.elementor-social-icon-weibo{background-color:#dd2430}.elementor-social-icon-weixin{background-color:#31a918}.elementor-social-icon-whatsapp{background-color:#25d366}.elementor-social-icon-wordpress{background-color:#21759b}.elementor-social-icon-xing{background-color:#026466}.elementor-social-icon-yelp{background-color:#af0606}.elementor-social-icon-youtube{background-color:#cd201f}.elementor-social-icon-500px{background-color:#0099e5}.elementor-shape-rounded .elementor-icon.elementor-social-icon{border-radius:10%}.elementor-shape-circle .elementor-icon.elementor-social-icon{border-radius:50%}<\/style>\t\t<div class=\"elementor-social-icons-wrapper elementor-grid\">\n\t\t\t\t\t\t\t<span class=\"elementor-grid-item\">\n\t\t\t\t\t<a class=\"elementor-icon elementor-social-icon elementor-social-icon-facebook elementor-animation-grow elementor-repeater-item-d458d00\" href=\"https:\/\/www.facebook.com\/hackinghealthcamp\" target=\"_blank\">\n\t\t\t\t\t\t<span class=\"elementor-screen-only\">Facebook<\/span>\n\t\t\t\t\t\t<i class=\"fab fa-facebook\"><\/i>\t\t\t\t\t<\/a>\n\t\t\t\t<\/span>\n\t\t\t\t\t\t\t<span class=\"elementor-grid-item\">\n\t\t\t\t\t<a class=\"elementor-icon elementor-social-icon elementor-social-icon-linkedin elementor-animation-grow elementor-repeater-item-9f10b52\" href=\"https:\/\/www.linkedin.com\/company\/hackinghealthcamp\/\" target=\"_blank\">\n\t\t\t\t\t\t<span class=\"elementor-screen-only\">Linkedin<\/span>\n\t\t\t\t\t\t<i class=\"fab fa-linkedin\"><\/i>\t\t\t\t\t<\/a>\n\t\t\t\t<\/span>\n\t\t\t\t\t\t\t<span class=\"elementor-grid-item\">\n\t\t\t\t\t<a class=\"elementor-icon elementor-social-icon elementor-social-icon-instagram elementor-animation-grow elementor-repeater-item-34b2a1f\" href=\"https:\/\/www.instagram.com\/hackinghealthcamp_\/\" target=\"_blank\">\n\t\t\t\t\t\t<span class=\"elementor-screen-only\">Instagram<\/span>\n\t\t\t\t\t\t<i class=\"fab fa-instagram\"><\/i>\t\t\t\t\t<\/a>\n\t\t\t\t<\/span>\n\t\t\t\t\t\t\t<span class=\"elementor-grid-item\">\n\t\t\t\t\t<a class=\"elementor-icon elementor-social-icon elementor-social-icon-youtube elementor-animation-grow elementor-repeater-item-06aa5d4\" href=\"https:\/\/www.youtube.com\/channel\/UCviq99fD7Pu5kuNItesUfEg\" target=\"_blank\">\n\t\t\t\t\t\t<span class=\"elementor-screen-only\">Youtube<\/span>\n\t\t\t\t\t\t<i class=\"fab fa-youtube\"><\/i>\t\t\t\t\t<\/a>\n\t\t\t\t<\/span>\n\t\t\t\t\t\t\t<span class=\"elementor-grid-item\">\n\t\t\t\t\t<a class=\"elementor-icon elementor-social-icon elementor-social-icon-twitter elementor-animation-grow elementor-repeater-item-bdbc286\" href=\"https:\/\/twitter.com\/HackingHealthEU?s=20\" target=\"_blank\">\n\t\t\t\t\t\t<span class=\"elementor-screen-only\">Twitter<\/span>\n\t\t\t\t\t\t<i class=\"fab fa-twitter\"><\/i>\t\t\t\t\t<\/a>\n\t\t\t\t<\/span>\n\t\t\t\t\t<\/div>\n\t\t\t\t<\/div>\n\t\t\t\t<\/div>\n\t\t\t\t\t<\/div>\n\t\t<\/div>\n\t\t\t\t\t\t\t<\/div>\n\t\t<\/section>\n\t\t\t\t\t<\/div>\n\t\t<\/div>\n\t\t\t\t<div class=\"elementor-column elementor-col-25 elementor-top-column elementor-element elementor-element-d27341f\" data-id=\"d27341f\" data-element_type=\"column\">\n\t\t\t<div class=\"elementor-widget-wrap\">\n\t\t\t\t\t\t\t\t\t<\/div>\n\t\t<\/div>\n\t\t\t\t\t\t\t<\/div>\n\t\t<\/section>\n\t\t\t\t<section class=\"elementor-section elementor-top-section elementor-element elementor-element-46d9cff elementor-section-boxed elementor-section-height-default elementor-section-height-default\" data-id=\"46d9cff\" data-element_type=\"section\">\n\t\t\t\t\t\t<div class=\"elementor-container elementor-column-gap-default\">\n\t\t\t\t\t<div class=\"elementor-column elementor-col-100 elementor-top-column elementor-element elementor-element-190f96c\" data-id=\"190f96c\" data-element_type=\"column\">\n\t\t\t<div class=\"elementor-widget-wrap elementor-element-populated\">\n\t\t\t\t\t\t\t\t<div class=\"elementor-element elementor-element-d46badf elementor-widget elementor-widget-spacer\" data-id=\"d46badf\" data-element_type=\"widget\" data-widget_type=\"spacer.default\">\n\t\t\t\t<div class=\"elementor-widget-container\">\n\t\t\t\t\t<div class=\"elementor-spacer\">\n\t\t\t<div class=\"elementor-spacer-inner\"><\/div>\n\t\t<\/div>\n\t\t\t\t<\/div>\n\t\t\t\t<\/div>\n\t\t\t\t<div class=\"elementor-element elementor-element-564d5a6 elementor-widget elementor-widget-text-editor\" data-id=\"564d5a6\" data-element_type=\"widget\" data-widget_type=\"text-editor.default\">\n\t\t\t\t<div class=\"elementor-widget-container\">\n\t\t\t\t\t\t\t<p class=\" translation-block\">To join the event, you can either <a href=\"https:\/\/hackinghealth.camp\/en\/sponsors\" target=\"_self\">become a sponsor<\/a> or <u>become a partner<\/u> with a visibility partnership, completely free, based solely on the exchange of communications with a view to relaying information to as many participants as possible.<\/p>\t\t\t\t\t\t<\/div>\n\t\t\t\t<\/div>\n\t\t\t\t<div class=\"elementor-element elementor-element-df0fdda elementor-widget elementor-widget-text-editor\" data-id=\"df0fdda\" data-element_type=\"widget\" data-widget_type=\"text-editor.default\">\n\t\t\t\t<div class=\"elementor-widget-container\">\n\t\t\t\t\t\t\t<p class=\" translation-block\"><b>Partnership<\/b> has the <b>benefit<\/b> of <b>enabling<\/b> your <b>organization<\/b> and its <b>members<\/b>\/<b>employees<\/b>\/<b>students<\/b> of:<\/p><ul><li class=\" translation-block\"><b>connect<\/b> to the <b>healthcare innovation ecosystem<\/b><\/li><li class=\" translation-block\"><b>live<\/b> a <b>unique human dynamic<\/b> and <b>meaningful<\/b> by <b>helping to solve problems<\/b> that concern us all<\/li><li class=\" translation-block\"><b>practice<\/b> using <b>collective intelligence<\/b>, <b>co-design<\/b> and <b>prototyping<\/b> methodologies in a real-life context closer to the field<\/li><li class=\" translation-block\"><b>collaborate<\/b> with <b>specialized experts<\/b> in their field related to health and digital and bring them into your <b>network<\/b><\/li><\/ul>\t\t\t\t\t\t<\/div>\n\t\t\t\t<\/div>\n\t\t\t\t<div class=\"elementor-element elementor-element-714db9a elementor-widget elementor-widget-text-editor\" data-id=\"714db9a\" data-element_type=\"widget\" data-widget_type=\"text-editor.default\">\n\t\t\t\t<div class=\"elementor-widget-container\">\n\t\t\t\t\t\t\t<p><b style=\"font-family: var( --e-global-typography-primary-font-family ), Sans-serif; font-size: 1rem;\">About the event :<\/b><\/p><ul><li aria-level=\"1\" class=\" translation-block\"><b style=\"font-weight: 400\">The Hackathon <\/b><span style=\"font-weight: 400\">takes place<\/span><b> face-to-face in Strasbourg over 3 days<\/b><span style=\"font-weight: normal\"> from Friday to Sunday. <\/span><\/li><li aria-level=\"1\"><span style=\"font-weight: normal;\">Les\u00a0<\/span><span style=\"font-weight: 400;\">conf\u00e9rences du vendredi apr\u00e8s-midi, les interviews durant le week-end<\/span><span style=\"font-weight: 400;\">\u00a0et l&rsquo;ouverture et la cl\u00f4ture du\u00a0<\/span>hackathon seront accessible en ligne en direct.<\/li><li style=\"font-weight: 400;\" aria-level=\"1\"><span style=\"background-color: transparent; font-family: var( --e-global-typography-primary-font-family ), Sans-serif;\">Since 2014 it's about <\/span><b style=\"background-color: transparent; font-family: var( --e-global-typography-primary-font-family ), Sans-serif;\">300 projects prototyped<\/b><span style=\"background-color: transparent; font-family: var( --e-global-typography-primary-font-family ), Sans-serif;\"> and <\/span><b style=\"background-color: transparent; font-family: var( --e-global-typography-primary-font-family ), Sans-serif;\">28 startups <\/b><span style=\"background-color: transparent; font-family: var( --e-global-typography-primary-font-family ), Sans-serif;\">(and many mores deployed in hospitals) which are coming from our innovation collaborative process with a large community that continue to grow each year.<\/span><\/li><li style=\"font-weight: 400;\" aria-level=\"1\"><b>Take a look at the <\/b><a href=\"https:\/\/hackinghealth.camp\/en\/hacking-health-camp-edition-2024\/\"><b>review of the previous edition<\/b><\/a><\/li><li style=\"font-weight: 400;\" aria-level=\"1\" class=\" translation-block\"><span style=\"font-weight: 400\">Also see our <\/span><a href=\"https:\/\/www.youtube.com\/hackinghealthcamp\" target=\"_self\"><b>YouTube channel<\/b><\/a><span style=\"font-weight: 400\"> for an overview of replays<\/span><\/li><\/ul><div><span style=\"font-weight: 400;\">\u00a0<\/span><\/div><p><b>Terms of the visibility partnership:<\/b><\/p><ul><li class=\" translation-block\"><span style=\"font-weight: normal\">Visibility swap with <\/span><b style=\"background-color: transparent;font-family: var( --e-global-typography-primary-font- family ), Sans-serif\">your logo added on digital media<\/b><span style=\"background-color: transparent;font-family: var( --e-global-typography-primary-font-family ), sans-serif;font-weight: var( --e-global-typography-primary-font-weight )\">: <\/span><span style=\"background-color: transparent;font-weight: normal\">website main page and screen display during live event when font changes sequences<\/span><span style=\"background-color: transparent;font-family: var( --e-global-typography-primary-font-family ), Sans-serif;font-weight: normal\">. <\/span><\/li><li style=\"font-weight: 400;\" aria-level=\"1\" class=\" translation-block\"><span style=\"font-weight: 400\">Desired compensation: <\/span><b>relay on your various communication channels according to your possibilities (website, newsletter, e-mailing, social networks, etc.)<\/b><\/li><li style=\"font-weight: 400;\" aria-level=\"1\" class=\" translation-block\"><span style=\"font-weight: 400\">Participation in the hackathon and conferences is paid for by each participant (see the <a href=\"https:\/\/hackinghealth.camp\/en\/inscription\/\" target=\"_self\"> rates<\/a> according to the status of each person)<\/span><\/li><li style=\"font-weight: 400;\" aria-level=\"1\"><span style=\"font-weight: 400;\">The visibility partnership does not include a free ticket but you can choose to cover the participation costs of your registrants internally.\u00a0<\/span><\/li><li aria-level=\"1\" class=\" translation-block\"><span style=\"font-weight: normal\">A <\/span>discount code<span style=\"font-weight: normal\"> dedicated to your community can be considered if you can guarantee more than 5 participants. <\/span><\/li><li class=\" translation-block\"><span style=\"font-weight: normal\">A <\/span>intervention<span style=\"font-weight: normal\"> on our part to present the event in 10 minutes during a moment bringing together your community online or face-to-face can be organized according to your availability.<\/span><\/li><\/ul><div><span style=\"font-weight: 400;\">\u00a0<\/span><\/div><p><b>Sent gradually:<\/b><\/p><ul><li style=\"font-weight: 400;\" aria-level=\"1\"><span style=\"font-weight: 400;\">Social media posts and stories tagging your account before\/during\/after the event<\/span><\/li><li style=\"font-weight: 400;\" aria-level=\"1\"><span style=\"font-weight: 400;\">E-mailings made available to you: Save the date \/ Partner invitation (with your logo)<\/span><\/li><\/ul><div><span style=\"font-weight: 400;\">\u00a0<\/span><\/div><p><b>Form of the agreement:<\/b><\/p><p><span style=\"font-weight: 400;\">A simple agreement by exchange of emails is enough for us. We want to reduce the formalities as much as possible.<\/span><\/p>\t\t\t\t\t\t<\/div>\n\t\t\t\t<\/div>\n\t\t\t\t<div class=\"elementor-element elementor-element-295d40f elementor-widget elementor-widget-text-editor\" data-id=\"295d40f\" data-element_type=\"widget\" data-widget_type=\"text-editor.default\">\n\t\t\t\t<div class=\"elementor-widget-container\">\n\t\t\t\t\t\t\t<p>COLLECT ALL THE COMMUNICATION ELEMENTS IN OUR KIT: LOGOS, FLYERS, VISUALS\u2026<\/p>\t\t\t\t\t\t<\/div>\n\t\t\t\t<\/div>\n\t\t\t\t<div class=\"elementor-element elementor-element-e527ab0 elementor-align-center elementor-widget elementor-widget-button\" data-id=\"e527ab0\" data-element_type=\"widget\" data-widget_type=\"button.default\">\n\t\t\t\t<div class=\"elementor-widget-container\">\n\t\t\t\t\t<div class=\"elementor-button-wrapper\">\n\t\t\t<a class=\"elementor-button elementor-button-link elementor-size-sm\" href=\"https:\/\/hackinghealth.camp\/en\/kit-de-communication\/\">\n\t\t\t\t\t\t<span class=\"elementor-button-content-wrapper\">\n\t\t\t\t\t\t<span class=\"elementor-button-text\">COMMUNICATION KIT<\/span>\n\t\t<\/span>\n\t\t\t\t\t<\/a>\n\t\t<\/div>\n\t\t\t\t<\/div>\n\t\t\t\t<\/div>\n\t\t\t\t\t<\/div>\n\t\t<\/div>\n\t\t\t\t\t\t\t<\/div>\n\t\t<\/section>\n\t\t\t\t\t\t\t<\/div>","protected":false},"excerpt":{"rendered":"<p>Devenir partenaire Chaque ann\u00e9e nous continuons de f\u00e9d\u00e9rer un \u00e9cosyst\u00e8me bienveillant de partenaires autour de l&rsquo;innovation de sant\u00e9 : institutionnels, industriels, financeurs, incubateurs, \u00e9coles, universit\u00e9s, m\u00e9dias&#8230; Cette ann\u00e9e encore, de nouveaux\u00a0acteurs de sant\u00e9, du num\u00e9rique et de l&rsquo;\u00e9ducation\u00a0nous ont rejoint. Suivez-nous : Facebook Linkedin Instagram Youtube Twitter Pour vous associer \u00e0 l&rsquo;\u00e9v\u00e9nement, vous pouvez soit [&hellip;]<\/p>","protected":false},"author":1,"featured_media":0,"parent":0,"menu_order":0,"comment_status":"closed","ping_status":"closed","template":"elementor_header_footer","meta":{"inline_featured_image":false,"footnotes":""},"class_list":["post-5324","page","type-page","status-publish","hentry"],"_links":{"self":[{"href":"https:\/\/hackinghealth.camp\/en\/wp-json\/wp\/v2\/pages\/5324","targetHints":{"allow":["GET"]}}],"collection":[{"href":"https:\/\/hackinghealth.camp\/en\/wp-json\/wp\/v2\/pages"}],"about":[{"href":"https:\/\/hackinghealth.camp\/en\/wp-json\/wp\/v2\/types\/page"}],"author":[{"embeddable":true,"href":"https:\/\/hackinghealth.camp\/en\/wp-json\/wp\/v2\/users\/1"}],"replies":[{"embeddable":true,"href":"https:\/\/hackinghealth.camp\/en\/wp-json\/wp\/v2\/comments?post=5324"}],"version-history":[{"count":80,"href":"https:\/\/hackinghealth.camp\/en\/wp-json\/wp\/v2\/pages\/5324\/revisions"}],"predecessor-version":[{"id":8026,"href":"https:\/\/hackinghealth.camp\/en\/wp-json\/wp\/v2\/pages\/5324\/revisions\/8026"}],"wp:attachment":[{"href":"https:\/\/hackinghealth.camp\/en\/wp-json\/wp\/v2\/media?parent=5324"}],"curies":[{"name":"wp","href":"https:\/\/api.w.org\/{rel}","templated":true}]}}